{"id":750,"date":"2024-05-17T15:42:59","date_gmt":"2024-05-17T20:42:59","guid":{"rendered":"https:\/\/blueexpress.net\/index.php\/politica-de-cookies\/"},"modified":"2024-09-18T10:25:09","modified_gmt":"2024-09-18T15:25:09","slug":"politica-de-cookies","status":"publish","type":"page","link":"https:\/\/blueexpress.net\/index.php\/politica-de-cookies\/","title":{"rendered":"Pol\u00edtica de Cookies"},"content":{"rendered":"<p>[et_pb_section fb_built=\u00bb1&#8243; admin_label=\u00bbsection\u00bb _builder_version=\u00bb4.16&#8243; global_colors_info=\u00bb{}\u00bb][et_pb_row admin_label=\u00bbrow\u00bb _builder_version=\u00bb4.16&#8243; background_size=\u00bbinitial\u00bb background_position=\u00bbtop_left\u00bb background_repeat=\u00bbrepeat\u00bb global_colors_info=\u00bb{}\u00bb][et_pb_column type=\u00bb4_4&#8243; _builder_version=\u00bb4.16&#8243; custom_padding=\u00bb|||\u00bb global_colors_info=\u00bb{}\u00bb custom_padding__hover=\u00bb|||\u00bb][et_pb_text admin_label=\u00bbText\u00bb _builder_version=\u00bb4.25.1&#8243; background_size=\u00bbinitial\u00bb background_position=\u00bbtop_left\u00bb background_repeat=\u00bbrepeat\u00bb hover_enabled=\u00bb0&#8243; global_colors_info=\u00bb{}\u00bb background_color=\u00bb#FFFFFF\u00bb sticky_enabled=\u00bb0&#8243;]<\/p>\n<p>Las cookies son archivos de texto que el sitio web env\u00eda al navegador del usuario, permitiendo que el sitio web recuerde informaci\u00f3n sobre su visita, con el fin de y mejorar el servicio ofrecido.<\/p>\n<p><strong>\u00a0<\/strong><strong>Utilizaci\u00f3n de cookies.- <\/strong>El sitio web y sus sub sitios recopilan registros an\u00f3nimos durante las visitas de los usuarios. Esto se puede hacer a trav\u00e9s de cookies o tecnolog\u00edas similares para retener informaci\u00f3n sobre usted y su uso del sitio web.<\/p>\n<p><strong>\u00a0<\/strong><strong>Administraci\u00f3n de cookies.- <\/strong>Al ingresar a nuestra p\u00e1gina web, usted tiene la opci\u00f3n de permitir, bloquear o eliminar las cookies instaladas en su equipo mediante la configuraci\u00f3n de las opciones del navegador instalado en su equipo. Al desactivar cookies, algunos de los servicios disponibles podr\u00edan dejar de estar operativos. La forma de deshabilitar las cookies es diferente para cada navegador, pero puede hacerse desde el men\u00fa Herramientas u Opciones. Tambi\u00e9n puede consultarse el men\u00fa de Ayuda del navegador d\u00f3nde puede encontrar instrucciones. El usuario podr\u00e1 en cualquier momento elegir qu\u00e9 cookies quiere que funcionen en este sitio web.<\/p>\n<h2><strong>Tipos de cookies.-<\/strong><\/h2>\n<p>Seg\u00fan quien sea la entidad que gestione el dominio desde donde se env\u00edan las cookies y trate los datos que se obtengan se pueden distinguir:<\/p>\n<p><strong>Cookies de publicidad<\/strong><\/p>\n<p>Son utilizadas para mostrarle publicidad en funci\u00f3n a sus preferencias e intereses. Para ello, el sistema desarrolla un perfil an\u00f3nimo.<\/p>\n<p><strong>Cookies t\u00e9cnicas<\/strong><\/p>\n<p>Permiten al usuario la navegaci\u00f3n a trav\u00e9s de la p\u00e1gina web, plataforma o aplicaci\u00f3n, utilizando las diferentes opciones como, por ejemplo, controlar el tr\u00e1fico y la comunicaci\u00f3n de datos, identificar la sesi\u00f3n, acceder a partes de acceso restringido, recordar los elementos que integran un pedido, realizar el proceso de compra de un pedido, entre otros.<\/p>\n<p><strong>Cookies de personalizaci\u00f3n<\/strong><\/p>\n<p>Permiten acceder al servicio con algunas caracter\u00edsticas de car\u00e1cter general predefinidas en funci\u00f3n de una serie de criterios en el terminal del usuario como, por ejemplo: el idioma, tipo de navegador a trav\u00e9s del cual accede al servicio, configuraci\u00f3n regional, entre otros.<\/p>\n<p><strong>Cookies de an\u00e1lisis<\/strong><\/p>\n<p>Permiten al responsable de las mismas, el seguimiento y an\u00e1lisis del comportamiento de los usuarios de los sitios web a los que est\u00e1n vinculados. La informaci\u00f3n recogida mediante este tipo de cookies se utiliza en la medici\u00f3n de la actividad de los sitios web, aplicaci\u00f3n o plataforma y para la elaboraci\u00f3n de perfiles de navegaci\u00f3n de los usuarios de dichos sitios, aplicaciones y plataformas, con el fin de introducir mejoras en funci\u00f3n del an\u00e1lisis de los datos de uso que hacen los usuarios del servicio.<\/p>\n<p><strong>\u00a0<\/strong><strong>Modificaciones.- <\/strong>La presente Pol\u00edtica ha sido actualizada el 01 de Agosto del 2024 y podr\u00e1 ser modificada por Blue Express Company Courieragil S.A. Cualquier cambio o modificaci\u00f3n ser\u00e1 publicado en nuestro portal web.<\/p>\n<p>[\/et_pb_text][\/et_pb_column][\/et_pb_row][\/et_pb_section]<\/p>\n","protected":false},"excerpt":{"rendered":"<p>Las cookies son archivos de texto que el sitio web env\u00eda al navegador del usuario, permitiendo que el sitio web recuerde informaci\u00f3n sobre su visita, con el fin de y mejorar el servicio ofrecido. \u00a0Utilizaci\u00f3n de cookies.- El sitio web y sus sub sitios recopilan registros an\u00f3nimos durante las visitas de los usuarios. Esto se [&hellip;]<\/p>\n","protected":false},"author":1,"featured_media":0,"parent":0,"menu_order":0,"comment_status":"closed","ping_status":"closed","template":"","meta":{"_et_pb_use_builder":"on","_et_pb_old_content":"<p>Las cookies son archivos de texto que el sitio web env\u00eda al navegador del usuario, permitiendo que el sitio web recuerde informaci\u00f3n sobre su visita, con el fin de y mejorar el servicio ofrecido.<\/p><p><strong>\u00a0<\/strong><strong>Utilizaci\u00f3n de cookies.- <\/strong>El sitio web y sus sub sitios recopilan registros an\u00f3nimos durante las visitas de los usuarios. Esto se puede hacer a trav\u00e9s de cookies o tecnolog\u00edas similares para retener informaci\u00f3n sobre usted y su uso del sitio web.<\/p><p><strong>\u00a0<\/strong><strong>Administraci\u00f3n de cookies.- <\/strong>Al ingresar a nuestra p\u00e1gina web, usted tiene la opci\u00f3n de permitir, bloquear o eliminar las cookies instaladas en su equipo mediante la configuraci\u00f3n de las opciones del navegador instalado en su equipo. Al desactivar cookies, algunos de los servicios disponibles podr\u00edan dejar de estar operativos. La forma de deshabilitar las cookies es diferente para cada navegador, pero puede hacerse desde el men\u00fa Herramientas u Opciones. Tambi\u00e9n puede consultarse el men\u00fa de Ayuda del navegador d\u00f3nde puede encontrar instrucciones. El usuario podr\u00e1 en cualquier momento elegir qu\u00e9 cookies quiere que funcionen en este sitio web.<\/p><h2><strong>Tipos de cookies.-<\/strong><\/h2><p>Seg\u00fan quien sea la entidad que gestione el dominio desde donde se env\u00edan las cookies y trate los datos que se obtengan se pueden distinguir:<\/p><p><strong>Cookies de publicidad<\/strong><\/p><p>Son utilizadas para mostrarle publicidad en funci\u00f3n a sus preferencias e intereses. Para ello, el sistema desarrolla un perfil an\u00f3nimo.<\/p><p><strong>Cookies t\u00e9cnicas<\/strong><\/p><p>Permiten al usuario la navegaci\u00f3n a trav\u00e9s de la p\u00e1gina web, plataforma o aplicaci\u00f3n, utilizando las diferentes opciones como, por ejemplo, controlar el tr\u00e1fico y la comunicaci\u00f3n de datos, identificar la sesi\u00f3n, acceder a partes de acceso restringido, recordar los elementos que integran un pedido, realizar el proceso de compra de un pedido, entre otros.<\/p><p><strong>Cookies de personalizaci\u00f3n<\/strong><\/p><p>Permiten acceder al servicio con algunas caracter\u00edsticas de car\u00e1cter general predefinidas en funci\u00f3n de una serie de criterios en el terminal del usuario como, por ejemplo: el idioma, tipo de navegador a trav\u00e9s del cual accede al servicio, configuraci\u00f3n regional, entre otros.<\/p><p><strong>Cookies de an\u00e1lisis<\/strong><\/p><p>Permiten al responsable de las mismas, el seguimiento y an\u00e1lisis del comportamiento de los usuarios de los sitios web a los que est\u00e1n vinculados. La informaci\u00f3n recogida mediante este tipo de cookies se utiliza en la medici\u00f3n de la actividad de los sitios web, aplicaci\u00f3n o plataforma y para la elaboraci\u00f3n de perfiles de navegaci\u00f3n de los usuarios de dichos sitios, aplicaciones y plataformas, con el fin de introducir mejoras en funci\u00f3n del an\u00e1lisis de los datos de uso que hacen los usuarios del servicio.<\/p><p><strong>\u00a0<\/strong><strong>Modificaciones.- <\/strong>La presente Pol\u00edtica ha sido actualizada el 01 de Agosto del 2024 y podr\u00e1 ser modificada por Blue Express Company Courieragil S.A. Cualquier cambio o modificaci\u00f3n ser\u00e1 publicado en nuestro portal web.<\/p>","_et_gb_content_width":"","footnotes":""},"class_list":["post-750","page","type-page","status-publish","hentry"],"_links":{"self":[{"href":"https:\/\/blueexpress.net\/index.php\/wp-json\/wp\/v2\/pages\/750","targetHints":{"allow":["GET"]}}],"collection":[{"href":"https:\/\/blueexpress.net\/index.php\/wp-json\/wp\/v2\/pages"}],"about":[{"href":"https:\/\/blueexpress.net\/index.php\/wp-json\/wp\/v2\/types\/page"}],"author":[{"embeddable":true,"href":"https:\/\/blueexpress.net\/index.php\/wp-json\/wp\/v2\/users\/1"}],"replies":[{"embeddable":true,"href":"https:\/\/blueexpress.net\/index.php\/wp-json\/wp\/v2\/comments?post=750"}],"version-history":[{"count":6,"href":"https:\/\/blueexpress.net\/index.php\/wp-json\/wp\/v2\/pages\/750\/revisions"}],"predecessor-version":[{"id":1188,"href":"https:\/\/blueexpress.net\/index.php\/wp-json\/wp\/v2\/pages\/750\/revisions\/1188"}],"wp:attachment":[{"href":"https:\/\/blueexpress.net\/index.php\/wp-json\/wp\/v2\/media?parent=750"}],"curies":[{"name":"wp","href":"https:\/\/api.w.org\/{rel}","templated":true}]}}