{"id":437,"date":"2022-08-24T23:15:44","date_gmt":"2022-08-24T23:15:44","guid":{"rendered":"https:\/\/blueexpress.net\/?page_id=437"},"modified":"2024-09-18T10:19:13","modified_gmt":"2024-09-18T15:19:13","slug":"tracking","status":"publish","type":"page","link":"https:\/\/blueexpress.net\/index.php\/tracking\/","title":{"rendered":"TRACKING"},"content":{"rendered":"<p>[et_pb_section fb_built=\u00bb1&#8243; admin_label=\u00bbOur Services\u00bb _builder_version=\u00bb4.16&#8243; custom_padding=\u00bb||2px|||\u00bb locked=\u00bboff\u00bb global_colors_info=\u00bb{}\u00bb][et_pb_row _builder_version=\u00bb4.16&#8243; custom_margin=\u00bb|||\u00bb custom_padding=\u00bb||3px|||\u00bb global_colors_info=\u00bb{}\u00bb][et_pb_column type=\u00bb4_4&#8243; _builder_version=\u00bb4.16&#8243; custom_padding=\u00bb|||\u00bb global_colors_info=\u00bb{}\u00bb custom_padding__hover=\u00bb|||\u00bb][et_pb_text _builder_version=\u00bb4.16.1&#8243; text_font=\u00bbPoppins|300|||||||\u00bb text_text_color=\u00bbrgba(68,145,195,0.13)\u00bb text_font_size=\u00bb100px\u00bb text_line_height=\u00bb0em\u00bb header_font=\u00bb||||||||\u00bb header_2_font=\u00bbPoppins||||||||\u00bb header_2_font_size=\u00bb48px\u00bb header_2_line_height=\u00bb1.4em\u00bb text_orientation=\u00bbcenter\u00bb custom_margin=\u00bb||30px||false\u00bb custom_margin_tablet=\u00bb||0px|\u00bb custom_margin_phone=\u00bb\u00bb custom_margin_last_edited=\u00bbon|tablet\u00bb text_font_size_tablet=\u00bb80px\u00bb text_font_size_phone=\u00bb60px\u00bb text_font_size_last_edited=\u00bbon|desktop\u00bb header_2_font_size_tablet=\u00bb\u00bb header_2_font_size_phone=\u00bb36px\u00bb header_2_font_size_last_edited=\u00bbon|phone\u00bb global_colors_info=\u00bb{}\u00bb]<\/p>\n<p style=\"text-align: center;\">TRACKING<\/p>\n<h2>TRACKING<\/h2>\n<p>[\/et_pb_text][\/et_pb_column][\/et_pb_row][\/et_pb_section][et_pb_section fb_built=\u00bb1&#8243; _builder_version=\u00bb4.24.2&#8243; _module_preset=\u00bbdefault\u00bb global_colors_info=\u00bb{}\u00bb][et_pb_row _builder_version=\u00bb4.24.2&#8243; _module_preset=\u00bbdefault\u00bb global_colors_info=\u00bb{}\u00bb][et_pb_column type=\u00bb4_4&#8243; _builder_version=\u00bb4.24.2&#8243; _module_preset=\u00bbdefault\u00bb global_colors_info=\u00bb{}\u00bb][et_pb_image src=\u00bbhttps:\/\/blueexpress.net\/wp-content\/uploads\/2024\/07\/AVION-COURIER.gif\u00bb title_text=\u00bbAVION COURIER\u00bb _builder_version=\u00bb4.25.1&#8243; _module_preset=\u00bbdefault\u00bb global_colors_info=\u00bb{}\u00bb][\/et_pb_image][\/et_pb_column][\/et_pb_row][\/et_pb_section][et_pb_section fb_built=\u00bb1&#8243; specialty=\u00bbon\u00bb _builder_version=\u00bb4.18.0&#8243; _module_preset=\u00bbdefault\u00bb background_color=\u00bb#4491C3&#8243; custom_padding=\u00bb2px||20px||false|false\u00bb locked=\u00bboff\u00bb global_colors_info=\u00bb{}\u00bb][et_pb_column type=\u00bb2_3&#8243; specialty_columns=\u00bb2&#8243; _builder_version=\u00bb4.16&#8243; custom_padding=\u00bb|||\u00bb global_colors_info=\u00bb{}\u00bb custom_padding__hover=\u00bb|||\u00bb][et_pb_row_inner _builder_version=\u00bb4.17.0&#8243; _module_preset=\u00bbdefault\u00bb global_colors_info=\u00bb{}\u00bb][et_pb_column_inner saved_specialty_column_type=\u00bb2_3&#8243; _builder_version=\u00bb4.17.0&#8243; _module_preset=\u00bbdefault\u00bb global_colors_info=\u00bb{}\u00bb][et_pb_text _builder_version=\u00bb4.17.0&#8243; _module_preset=\u00bbdefault\u00bb text_font=\u00bbPoppins||||||||\u00bb text_text_color=\u00bb#FFFFFF\u00bb header_font=\u00bbPoppins||||||||\u00bb header_text_color=\u00bb#FFFFFF\u00bb background_enable_color=\u00bboff\u00bb custom_margin=\u00bb8px||-16px|10px|false|false\u00bb global_colors_info=\u00bb{}\u00bb]<\/p>\n<h1>N\u00famero de gu\u00eda<\/h1>\n<p>Favor ingrese el n\u00famero de gu\u00eda proporcionado por Schryver Courier y hacer click en \u00abTracking\u00bb<\/p>\n<p>[\/et_pb_text][et_pb_code _builder_version=\u00bb4.24.3&#8243; _module_preset=\u00bbdefault\u00bb custom_css_main_element=\u00bbcolor:white;||margin-top:30px;\u00bb global_colors_info=\u00bb{}\u00bb]<!-- [et_pb_line_break_holder] --><\/p>\n<style><!-- [et_pb_line_break_holder] -->  .hidden{<!-- [et_pb_line_break_holder] -->    display:none;<!-- [et_pb_line_break_holder] -->  }<!-- [et_pb_line_break_holder] --><\/style>\n<p><!-- [et_pb_line_break_holder] --><input type=\"number\" name=\"numGuia\" placeholder=\"N\u00famero de gu\u00eda\" id=\"numGuia\" style=\"border-radius:5px;padding:6px 20px;width:250px;margin-right:20px;\"><!-- [et_pb_line_break_holder] --><button id=\"boton-buscar\" style=\"background:white;border:none;color:black;padding:10px 60px;border-radius:2px;font-size:20px;font-weight:bold;cursor:pointer;\"><!-- [et_pb_line_break_holder] -->Tracking<!-- [et_pb_line_break_holder] --><\/button><!-- [et_pb_line_break_holder] --><\/p>\n<div class=\"hidden\" id=\"cargando\"><!-- [et_pb_line_break_holder] -->  Cargando&#8230;<!-- [et_pb_line_break_holder] --><\/div>\n<p><!-- [et_pb_line_break_holder] --><\/p>\n<div id=\"error_message\"><!-- [et_pb_line_break_holder] -->  <!-- [et_pb_line_break_holder] --><\/div>\n<p><!-- [et_pb_line_break_holder] --><script><!-- [et_pb_line_break_holder] -->var buscar_btn= <!-- [et_pb_line_break_holder] -->document.getElementById(\"boton-buscar\");<!-- [et_pb_line_break_holder] -->buscar_btn.addEventListener(\"click\",autorizar);<!-- [et_pb_line_break_holder] -->numGuia=document.getElementById(\"numGuia\");<!-- [et_pb_line_break_holder] --><!-- [et_pb_line_break_holder] -->var informacionGuia;<!-- [et_pb_line_break_holder] -->var error_message=document.getElementById(\"error_message\");<!-- [et_pb_line_break_holder] -->function autorizar(){<!-- [et_pb_line_break_holder] -->  \/\/al iniciar limpiar toda la pantalla<!-- [et_pb_line_break_holder] -->  error_message.innerHTML=\"\";<!-- [et_pb_line_break_holder] -->  <!-- [et_pb_line_break_holder] -->  var loader=document.getElementById(\"cargando\");<!-- [et_pb_line_break_holder] -->  loader.classList.remove('hidden');<!-- [et_pb_line_break_holder] -->\tvar numeroGuia=numGuia.value;<!-- [et_pb_line_break_holder] -->\tconsole.log (numeroGuia);<!-- [et_pb_line_break_holder] -->\tvar url = 'https:\/\/blueexpress.net\/api-courier\/?guia='+numeroGuia;<!-- [et_pb_line_break_holder] --><!-- [et_pb_line_break_holder] -->fetch(url, {<!-- [et_pb_line_break_holder] -->  method: 'GET', \/\/ or 'PUT' <!-- [et_pb_line_break_holder] -->}).then(res => res.json())<!-- [et_pb_line_break_holder] -->.catch(error => console.error('Error:', error))<!-- [et_pb_line_break_holder] -->.then(response => {<!-- [et_pb_line_break_holder] -->  \tinformacionGuia=response;\t<!-- [et_pb_line_break_holder] -->    console.log (informacionGuia);<!-- [et_pb_line_break_holder] -->  if (informacionGuia.message==\"Guia no encontrada\"){<!-- [et_pb_line_break_holder] -->    console.log (\"error\");<!-- [et_pb_line_break_holder] -->    cargando.classList.add('hidden');<!-- [et_pb_line_break_holder] -->  <!-- [et_pb_line_break_holder] -->    error_message.innerHTML=\"Gu\u00eda no encontrada\";<!-- [et_pb_line_break_holder] -->  }<!-- [et_pb_line_break_holder] -->  \telse {ponerDatos(informacionGuia);}<!-- [et_pb_line_break_holder] -->  })<!-- [et_pb_line_break_holder] --><!-- [et_pb_line_break_holder] -->}<!-- [et_pb_line_break_holder] -->function sortEntriesByDate(entries) {<!-- [et_pb_line_break_holder] -->  \/\/ Parse the JSON to a JavaScript object<!-- [et_pb_line_break_holder] -->  <!-- [et_pb_line_break_holder] --><!-- [et_pb_line_break_holder] -->  \/\/ Extract the 'estatus' array<!-- [et_pb_line_break_holder] -->    \/\/ Sort the entries by date in ascending order<!-- [et_pb_line_break_holder] -->  entries.sort((a, b) => {<!-- [et_pb_line_break_holder] -->    \/\/ Compare the 'fecha' properties<!-- [et_pb_line_break_holder] -->    return a.fecha.localeCompare(b.fecha);<!-- [et_pb_line_break_holder] -->  });<!-- [et_pb_line_break_holder] --><!-- [et_pb_line_break_holder] -->  return entries;<!-- [et_pb_line_break_holder] -->}<!-- [et_pb_line_break_holder] -->function ponerDatos(datos){<!-- [et_pb_line_break_holder] -->\tvar ciudad=document.getElementById(\"ciudad\");<!-- [et_pb_line_break_holder] -->ciudad.innerHTML=datos.data.guia.pais_c;<!-- [et_pb_line_break_holder] -->  \tvar ciudad_e=document.getElementById(\"ciudad_e\");<!-- [et_pb_line_break_holder] -->ciudad_e.innerHTML=datos.data.guia.pais_e;<!-- [et_pb_line_break_holder] -->\tvar empresa_c =document.getElementById(\"empresa_c\");<!-- [et_pb_line_break_holder] -->  empresa_c.innerHTML=datos.data.guia.empresa_c;<!-- [et_pb_line_break_holder] -->  \tvar empresa_e =document.getElementById(\"empresa_e\");<!-- [et_pb_line_break_holder] -->  empresa_e.innerHTML=datos.data.guia.empresa_e;<!-- [et_pb_line_break_holder] -->  \tvar peso =document.getElementById(\"peso\");<!-- [et_pb_line_break_holder] -->  peso.innerHTML=datos.data.guia.peso+\"kg\";<!-- [et_pb_line_break_holder] -->  var info_estatus=sortEntriesByDate(datos.data.estatus);<!-- [et_pb_line_break_holder] -->  console.log (info_estatus);<!-- [et_pb_line_break_holder] -->  var tabla_estatus=document.getElementById(\"estatus\");<!-- [et_pb_line_break_holder] -->  info_estatus.forEach(function (element){<!-- [et_pb_line_break_holder] -->    var fila=document.createElement(\"tr\");<!-- [et_pb_line_break_holder] -->    var fecha=document.createElement(\"td\");<!-- [et_pb_line_break_holder] -->    fecha.innerHTML=element.fecha;<!-- [et_pb_line_break_holder] -->    var hora =document.createElement(\"td\");<!-- [et_pb_line_break_holder] -->    hora.innerHTML=element.hora;<!-- [et_pb_line_break_holder] -->    var descripcion= document.createElement(\"td\"); <!-- [et_pb_line_break_holder] -->    if (element.estatus!=null){  <!-- [et_pb_line_break_holder] -->      if (element.estatus.descripcion==\"OPS - Entregado\"){<!-- [et_pb_line_break_holder] -->        descripcion.innerHTML=\"Arribado a bodega\";          <!-- [et_pb_line_break_holder] -->      }<!-- [et_pb_line_break_holder] -->      else {<!-- [et_pb_line_break_holder] -->      descripcion.innerHTML=element.estatus.descripcion;<!-- [et_pb_line_break_holder] -->      }<!-- [et_pb_line_break_holder] -->    }<!-- [et_pb_line_break_holder] -->    fila.appendChild(fecha);<!-- [et_pb_line_break_holder] -->    fila.appendChild(hora);   <!-- [et_pb_line_break_holder] -->   <!-- [et_pb_line_break_holder] -->    fila.appendChild(descripcion);<!-- [et_pb_line_break_holder] -->    tabla_estatus.appendChild(fila);    <!-- [et_pb_line_break_holder] -->  });<!-- [et_pb_line_break_holder] --> var ventanaDatos=document.getElementById(\"datos\")<!-- [et_pb_line_break_holder] -->   ventanaDatos.classList.remove('hidden');<!-- [et_pb_line_break_holder] -->  cargando.classList.add('hidden');<!-- [et_pb_line_break_holder] -->}<!-- [et_pb_line_break_holder] --><\/script><!-- [et_pb_line_break_holder] --><\/p>\n<div id=\"datos\" class=\"hidden\"><!-- [et_pb_line_break_holder] -->      <\/p>\n<div><!-- [et_pb_line_break_holder] -->    PROVEEDOR: <span id=\"empresa_e\">plceholder E<\/span><!-- [et_pb_line_break_holder] -->  <\/div>\n<p><!-- [et_pb_line_break_holder] -->   <\/p>\n<div><!-- [et_pb_line_break_holder] -->    ORIGEN: <span id=\"ciudad_e\">placeholder e<\/span><!-- [et_pb_line_break_holder] -->  <\/div>\n<p>    <!-- [et_pb_line_break_holder] -->  <\/p>\n<div><!-- [et_pb_line_break_holder] -->    CLIENTE: <span id=\"empresa_c\">plceholder C<\/span><!-- [et_pb_line_break_holder] -->  <\/div>\n<p><!-- [et_pb_line_break_holder] -->  <\/p>\n<div><!-- [et_pb_line_break_holder] -->    DESTINO: <span id=\"ciudad\">placeholder<\/span><!-- [et_pb_line_break_holder] -->  <\/div>\n<p><!-- [et_pb_line_break_holder] --><!-- [et_pb_line_break_holder] -->  <\/p>\n<div><!-- [et_pb_line_break_holder] -->    PESO DEL PAQUETE: <span id=\"peso\">placeholder peso<\/span><!-- [et_pb_line_break_holder] -->  <\/div>\n<p><!-- [et_pb_line_break_holder] -->  <\/p>\n<div><!-- [et_pb_line_break_holder] -->  <\/p>\n<h2 style=\"color:white;margin:10px 0; font-size:18px\" ><!-- [et_pb_line_break_holder] -->    ESTATUS:<!-- [et_pb_line_break_holder] -->    <\/h2>\n<p>  <!-- [et_pb_line_break_holder] -->    <\/p>\n<table id=\"estatus\"><!-- [et_pb_line_break_holder] -->      <\/p>\n<thead><!-- [et_pb_line_break_holder] -->        <\/p>\n<td>Fecha:<\/td>\n<p><!-- [et_pb_line_break_holder] -->        <\/p>\n<td>Hora:<\/td>\n<p>       <!-- [et_pb_line_break_holder] -->        <\/p>\n<td>Descripci\u00f3n:<\/td>\n<p><!-- [et_pb_line_break_holder] -->      <\/thead>\n<p><!-- [et_pb_line_break_holder] -->    <\/table>\n<p><!-- [et_pb_line_break_holder] -->  <\/div>\n<p><!-- [et_pb_line_break_holder] -->  <!-- [et_pb_line_break_holder] --><\/div>\n<p>[\/et_pb_code][\/et_pb_column_inner][\/et_pb_row_inner][\/et_pb_column][et_pb_column type=\u00bb1_3&#8243; _builder_version=\u00bb4.16&#8243; custom_padding=\u00bb|||\u00bb global_colors_info=\u00bb{}\u00bb custom_padding__hover=\u00bb|||\u00bb][\/et_pb_column][\/et_pb_section][et_pb_section fb_built=\u00bb1&#8243; _builder_version=\u00bb4.18.0&#8243; _module_preset=\u00bbdefault\u00bb global_colors_info=\u00bb{}\u00bb][et_pb_row _builder_version=\u00bb4.18.0&#8243; _module_preset=\u00bbdefault\u00bb global_colors_info=\u00bb{}\u00bb][et_pb_column type=\u00bb4_4&#8243; _builder_version=\u00bb4.18.0&#8243; _module_preset=\u00bbdefault\u00bb global_colors_info=\u00bb{}\u00bb][\/et_pb_column][\/et_pb_row][\/et_pb_section]<\/p>\n","protected":false},"excerpt":{"rendered":"<p>TRACKING TRACKINGN\u00famero de gu\u00eda Favor ingrese el n\u00famero de gu\u00eda proporcionado por Schryver Courier y hacer click en \u00abTracking\u00bb<\/p>\n","protected":false},"author":1,"featured_media":0,"parent":0,"menu_order":0,"comment_status":"closed","ping_status":"closed","template":"","meta":{"_et_pb_use_builder":"on","_et_pb_old_content":"","_et_gb_content_width":"","footnotes":""},"class_list":["post-437","page","type-page","status-publish","hentry"],"_links":{"self":[{"href":"https:\/\/blueexpress.net\/index.php\/wp-json\/wp\/v2\/pages\/437","targetHints":{"allow":["GET"]}}],"collection":[{"href":"https:\/\/blueexpress.net\/index.php\/wp-json\/wp\/v2\/pages"}],"about":[{"href":"https:\/\/blueexpress.net\/index.php\/wp-json\/wp\/v2\/types\/page"}],"author":[{"embeddable":true,"href":"https:\/\/blueexpress.net\/index.php\/wp-json\/wp\/v2\/users\/1"}],"replies":[{"embeddable":true,"href":"https:\/\/blueexpress.net\/index.php\/wp-json\/wp\/v2\/comments?post=437"}],"version-history":[{"count":70,"href":"https:\/\/blueexpress.net\/index.php\/wp-json\/wp\/v2\/pages\/437\/revisions"}],"predecessor-version":[{"id":1005,"href":"https:\/\/blueexpress.net\/index.php\/wp-json\/wp\/v2\/pages\/437\/revisions\/1005"}],"wp:attachment":[{"href":"https:\/\/blueexpress.net\/index.php\/wp-json\/wp\/v2\/media?parent=437"}],"curies":[{"name":"wp","href":"https:\/\/api.w.org\/{rel}","templated":true}]}}