{"id":153,"date":"2022-04-04T01:06:57","date_gmt":"2022-04-04T01:06:57","guid":{"rendered":"https:\/\/blueexpress.net\/?page_id=153"},"modified":"2024-09-19T13:25:45","modified_gmt":"2024-09-19T18:25:45","slug":"servicios","status":"publish","type":"page","link":"https:\/\/blueexpress.net\/index.php\/servicios\/","title":{"rendered":"SERVICIOS"},"content":{"rendered":"<p>[et_pb_section fb_built=\u00bb1&#8243; fullwidth=\u00bbon\u00bb admin_label=\u00bbHero\u00bb _builder_version=\u00bb4.25.1&#8243; background_color=\u00bbRGBA(255,255,255,0)\u00bb background_image=\u00bbhttps:\/\/blueexpress.net\/wp-content\/uploads\/2024\/05\/ZjIxYWRhZDYtMWYwYy00NTkzLWI0MDEtZWYzM2E5ZDgwMjEy_621671ed84776b78da5af705_cocc81mo-optimizar-mi-courier.avif\u00bb parallax=\u00bbon\u00bb parallax_method=\u00bboff\u00bb background_blend=\u00bblighten\u00bb custom_padding=\u00bb0px|0|0px|0px|false|false\u00bb global_colors_info=\u00bb{}\u00bb][et_pb_fullwidth_header text_orientation=\u00bbcenter\u00bb header_scroll_down=\u00bbon\u00bb scroll_down_icon=\u00bb%%1%%\u00bb admin_label=\u00bbFullwidth Header\u00bb _builder_version=\u00bb4.17.0&#8243; title_font=\u00bbPoppins|600|||||||\u00bb title_text_align=\u00bbleft\u00bb title_font_size=\u00bb64px\u00bb title_line_height=\u00bb0.8em\u00bb content_font=\u00bbPoppins||||||||\u00bb content_text_align=\u00bbleft\u00bb content_font_size=\u00bb18px\u00bb content_line_height=\u00bb1.8em\u00bb background_enable_color=\u00bboff\u00bb use_background_color_gradient=\u00bbon\u00bb background_color_gradient_direction=\u00bb179deg\u00bb background_color_gradient_stops=\u00bbrgba(0,129,193,0.13) 25%|#10182f 89%\u00bb parallax=\u00bbon\u00bb parallax_method=\u00bbon\u00bb custom_button_one=\u00bbon\u00bb button_one_text_size=\u00bb15px\u00bb button_one_bg_color=\u00bb#ffa727&#8243; button_one_border_width=\u00bb15px\u00bb button_one_border_color=\u00bb#ffa727&#8243; button_one_border_radius=\u00bb100px\u00bb button_one_letter_spacing=\u00bb5px\u00bb button_one_font=\u00bbOpen Sans|700||on|||||\u00bb module_alignment=\u00bbcenter\u00bb custom_margin=\u00bb|||\u00bb custom_padding=\u00bb16vw||16vw||true|false\u00bb custom_padding_tablet=\u00bb100px||100px||true\u00bb custom_padding_phone=\u00bb|||\u00bb custom_padding_last_edited=\u00bbon|desktop\u00bb title_font_size_tablet=\u00bb60px\u00bb title_font_size_phone=\u00bb36px\u00bb title_font_size_last_edited=\u00bbon|phone\u00bb content_font_size_tablet=\u00bb\u00bb content_font_size_phone=\u00bb16px\u00bb content_font_size_last_edited=\u00bbon|phone\u00bb button_one_text_size_tablet=\u00bb\u00bb button_one_text_size_phone=\u00bb\u00bb button_one_text_size_last_edited=\u00bbon|desktop\u00bb title_text_shadow_style=\u00bbpreset2&#8243; button_one_border_color_hover=\u00bb#ff8a3d\u00bb button_one_border_radius_hover=\u00bb100px\u00bb button_one_letter_spacing_hover=\u00bb5px\u00bb button_one_bg_color_hover=\u00bb#ff8a3d\u00bb global_colors_info=\u00bb{}\u00bb button_one_text_size__hover_enabled=\u00bboff\u00bb button_two_text_size__hover_enabled=\u00bboff\u00bb button_one_text_color__hover_enabled=\u00bboff\u00bb button_two_text_color__hover_enabled=\u00bboff\u00bb button_one_border_width__hover_enabled=\u00bboff\u00bb button_two_border_width__hover_enabled=\u00bboff\u00bb button_one_border_color__hover_enabled=\u00bbon\u00bb button_one_border_color__hover=\u00bb#ff8a3d\u00bb button_two_border_color__hover_enabled=\u00bboff\u00bb button_one_border_radius__hover_enabled=\u00bbon\u00bb button_one_border_radius__hover=\u00bb100px\u00bb button_two_border_radius__hover_enabled=\u00bboff\u00bb button_one_letter_spacing__hover_enabled=\u00bbon\u00bb button_one_letter_spacing__hover=\u00bb5px\u00bb button_two_letter_spacing__hover_enabled=\u00bboff\u00bb button_one_bg_color__hover_enabled=\u00bbon\u00bb button_one_bg_color__hover=\u00bb#ff8a3d\u00bb button_two_bg_color__hover_enabled=\u00bboff\u00bb background__hover_enabled=\u00bboff|desktop\u00bb]<\/p>\n<h1>Servicios<\/h1>\n<p>[\/et_pb_fullwidth_header][\/et_pb_section][et_pb_section fb_built=\u00bb1&#8243; admin_label=\u00bbOur Services\u00bb _builder_version=\u00bb4.16&#8243; custom_padding=\u00bb|||\u00bb global_colors_info=\u00bb{}\u00bb][et_pb_row _builder_version=\u00bb4.16&#8243; custom_margin=\u00bb|||\u00bb custom_padding=\u00bb|||\u00bb global_colors_info=\u00bb{}\u00bb][et_pb_column type=\u00bb4_4&#8243; _builder_version=\u00bb4.16&#8243; custom_padding=\u00bb|||\u00bb global_colors_info=\u00bb{}\u00bb custom_padding__hover=\u00bb|||\u00bb][et_pb_text _builder_version=\u00bb4.16.1&#8243; text_font=\u00bbPoppins|300|||||||\u00bb text_text_color=\u00bbrgba(68,145,195,0.13)\u00bb text_font_size=\u00bb100px\u00bb text_line_height=\u00bb0em\u00bb header_font=\u00bb||||||||\u00bb header_2_font=\u00bbPoppins||||||||\u00bb header_2_font_size=\u00bb48px\u00bb header_2_line_height=\u00bb1.4em\u00bb text_orientation=\u00bbcenter\u00bb custom_margin=\u00bb||30px||false\u00bb custom_margin_tablet=\u00bb||0px|\u00bb custom_margin_phone=\u00bb\u00bb custom_margin_last_edited=\u00bbon|tablet\u00bb text_font_size_tablet=\u00bb80px\u00bb text_font_size_phone=\u00bb60px\u00bb text_font_size_last_edited=\u00bbon|desktop\u00bb header_2_font_size_tablet=\u00bb\u00bb header_2_font_size_phone=\u00bb36px\u00bb header_2_font_size_last_edited=\u00bbon|phone\u00bb global_colors_info=\u00bb{}\u00bb]<\/p>\n<p style=\"text-align: center;\">SERVICIOS<\/p>\n<h2>SERVICIOS<\/h2>\n<p>[\/et_pb_text][\/et_pb_column][\/et_pb_row][et_pb_row column_structure=\u00bb1_3,1_3,1_3&#8243; _builder_version=\u00bb4.16&#8243; custom_margin=\u00bb|||\u00bb custom_padding=\u00bb|||\u00bb global_colors_info=\u00bb{}\u00bb][et_pb_column type=\u00bb1_3&#8243; _builder_version=\u00bb4.16&#8243; custom_padding=\u00bb|||\u00bb global_colors_info=\u00bb{}\u00bb custom_padding__hover=\u00bb|||\u00bb][et_pb_blurb title=\u00bbAtenci\u00f3n personalizada.\u00bb image=\u00bbhttps:\/\/blueexpress.net\/wp-content\/uploads\/2022\/04\/serv-1.png\u00bb _builder_version=\u00bb4.17.1&#8243; header_font=\u00bbPoppins||||||||\u00bb header_text_align=\u00bbcenter\u00bb header_font_size=\u00bb24px\u00bb header_line_height=\u00bb1.2em\u00bb body_font=\u00bbPoppins|300|||||||\u00bb body_font_size=\u00bb16px\u00bb body_line_height=\u00bb1.8em\u00bb background_color=\u00bb#151F44&#8243; background_layout=\u00bbdark\u00bb custom_padding=\u00bb18px|30px|56px|30px|false|true\u00bb animation_style=\u00bbfold\u00bb animation=\u00bboff\u00bb global_colors_info=\u00bb{}\u00bb]<\/p>\n<p>Creamos procesos para recibir y entregar los paquetes mediante un servicio puerta a puerta.<\/p>\n<p>[\/et_pb_blurb][\/et_pb_column][et_pb_column type=\u00bb1_3&#8243; _builder_version=\u00bb4.16&#8243; custom_padding=\u00bb|||\u00bb global_colors_info=\u00bb{}\u00bb custom_padding__hover=\u00bb|||\u00bb][et_pb_blurb title=\u00bbClasificaci\u00f3n Arancelaria.\u00bb image=\u00bbhttps:\/\/blueexpress.net\/wp-content\/uploads\/2022\/04\/serv-5.png\u00bb _builder_version=\u00bb4.17.1&#8243; header_font=\u00bbPoppins||||||||\u00bb header_text_align=\u00bbcenter\u00bb header_font_size=\u00bb24px\u00bb header_line_height=\u00bb1.2em\u00bb body_font=\u00bbPoppins|300|||||||\u00bb body_font_size=\u00bb16px\u00bb body_line_height=\u00bb1.8em\u00bb background_color=\u00bb#4491C3&#8243; background_layout=\u00bbdark\u00bb custom_padding=\u00bb24px|30px|24px|30px|true|true\u00bb animation_style=\u00bbfold\u00bb animation=\u00bboff\u00bb locked=\u00bboff\u00bb global_colors_info=\u00bb{}\u00bb]<\/p>\n<p>Le asesoramos en el proceso de revisi\u00f3n e identificaci\u00f3n de sus partidas arancelarias previo a cada embarque y durante el proceso de nacionalizaci\u00f3n.<\/p>\n<p>[\/et_pb_blurb][\/et_pb_column][et_pb_column type=\u00bb1_3&#8243; _builder_version=\u00bb4.17.0&#8243; _module_preset=\u00bbdefault\u00bb global_colors_info=\u00bb{}\u00bb][et_pb_blurb title=\u00bbPaquetes desde y hacia cualquier parte del mundo\u00bb image=\u00bbhttps:\/\/blueexpress.net\/wp-content\/uploads\/2022\/04\/serv-3.png\u00bb _builder_version=\u00bb4.17.1&#8243; header_font=\u00bbPoppins||||||||\u00bb header_text_align=\u00bbcenter\u00bb header_font_size=\u00bb24px\u00bb header_line_height=\u00bb1.2em\u00bb body_font=\u00bbPoppins|300|||||||\u00bb body_font_size=\u00bb16px\u00bb body_line_height=\u00bb1.8em\u00bb background_color=\u00bb#494D68&#8243; background_layout=\u00bbdark\u00bb custom_padding=\u00bb18px|30px|84px|30px|false|true\u00bb animation_style=\u00bbfold\u00bb animation=\u00bboff\u00bb border_width_all=\u00bb1px\u00bb border_color_all=\u00bbrgba(21,49,78,0.17)\u00bb locked=\u00bboff\u00bb global_colors_info=\u00bb{}\u00bb]<\/p>\n<p>Tenemos alcance internacional con personal especializado.<\/p>\n<p>[\/et_pb_blurb][\/et_pb_column][\/et_pb_row][et_pb_row column_structure=\u00bb1_3,1_3,1_3&#8243; _builder_version=\u00bb4.16&#8243; custom_margin=\u00bb|auto|-13px|auto||\u00bb custom_padding=\u00bb||17px|||\u00bb global_colors_info=\u00bb{}\u00bb min_height=\u00bb446.6px\u00bb][et_pb_column type=\u00bb1_3&#8243; _builder_version=\u00bb4.16&#8243; custom_padding=\u00bb|||\u00bb global_colors_info=\u00bb{}\u00bb custom_padding__hover=\u00bb|||\u00bb][et_pb_blurb title=\u00bbCasillero postal en Miami y Espa\u00f1a\u00bb image=\u00bbhttps:\/\/blueexpress.net\/wp-content\/uploads\/2022\/04\/serv-4.png\u00bb _builder_version=\u00bb4.17.1&#8243; header_font=\u00bbPoppins||||||||\u00bb header_text_align=\u00bbcenter\u00bb header_font_size=\u00bb24px\u00bb header_line_height=\u00bb1.2em\u00bb body_font=\u00bbPoppins|300|||||||\u00bb body_font_size=\u00bb16px\u00bb body_line_height=\u00bb1.8em\u00bb background_color=\u00bb#4491C3&#8243; background_layout=\u00bbdark\u00bb custom_padding=\u00bb18px|30px|15px|30px|false|true\u00bb animation_style=\u00bbfold\u00bb animation=\u00bboff\u00bb border_width_all=\u00bb1px\u00bb border_color_all=\u00bbrgba(21,49,78,0.17)\u00bb locked=\u00bboff\u00bb global_colors_info=\u00bb{}\u00bb custom_margin=\u00bb||-30px|||\u00bb min_height=\u00bb425.2px\u00bb]<\/p>\n<ul>\n<li>Te ayudamos a realizar tus compras personalizadas.<\/li>\n<li>Contamos con casilleros generales y personalizados, sin costo adicional.<\/li>\n<li>Realizamos salidas desde Miami y Espa\u00f1a dos veces por semana.<\/li>\n<\/ul>\n<p>[\/et_pb_blurb][\/et_pb_column][et_pb_column type=\u00bb1_3&#8243; _builder_version=\u00bb4.16&#8243; custom_padding=\u00bb|||\u00bb global_colors_info=\u00bb{}\u00bb custom_padding__hover=\u00bb|||\u00bb][et_pb_blurb title=\u00bbEntrega de paquetes y documentos bajo control\u00bb image=\u00bbhttps:\/\/blueexpress.net\/wp-content\/uploads\/2022\/04\/serv-2.png\u00bb _builder_version=\u00bb4.17.1&#8243; header_font=\u00bbPoppins||||||||\u00bb header_text_align=\u00bbcenter\u00bb header_font_size=\u00bb24px\u00bb header_line_height=\u00bb1.2em\u00bb body_font=\u00bbPoppins|300|||||||\u00bb body_font_size=\u00bb16px\u00bb body_line_height=\u00bb1.8em\u00bb background_color=\u00bb#494D68&#8243; background_layout=\u00bbdark\u00bb custom_padding=\u00bb18px|30px|12px|30px|false|true\u00bb animation_style=\u00bbfold\u00bb animation=\u00bboff\u00bb locked=\u00bboff\u00bb global_colors_info=\u00bb{}\u00bb min_height=\u00bb426.4px\u00bb]<\/p>\n<ul>\n<li>Distribuci\u00f3n de paqueter\u00eda y sobres a nivel nacional en 24 horas a ciudades principales.<\/li>\n<li>Entrega locales Quito \u2013 Quito, Guayaquil \u2013 Guayaquil el mismo d\u00eda.<\/li>\n<li>Courier Express internacional.<\/li>\n<\/ul>\n<p>[\/et_pb_blurb][\/et_pb_column][et_pb_column type=\u00bb1_3&#8243; _builder_version=\u00bb4.16&#8243; custom_padding=\u00bb|||\u00bb global_colors_info=\u00bb{}\u00bb custom_padding__hover=\u00bb|||\u00bb][et_pb_blurb title=\u00bbManejo de cargas especiales\u00bb image=\u00bbhttps:\/\/blueexpress.net\/wp-content\/uploads\/2022\/04\/serv-7.png\u00bb _builder_version=\u00bb4.17.1&#8243; header_font=\u00bbPoppins||||||||\u00bb header_text_align=\u00bbcenter\u00bb header_font_size=\u00bb24px\u00bb header_line_height=\u00bb1.2em\u00bb body_font=\u00bbPoppins|300|||||||\u00bb body_font_size=\u00bb16px\u00bb body_line_height=\u00bb1.8em\u00bb background_color=\u00bb#151F44&#8243; background_layout=\u00bbdark\u00bb custom_padding=\u00bb18px|30px|68px|30px|false|true\u00bb animation_style=\u00bbfold\u00bb animation=\u00bboff\u00bb locked=\u00bboff\u00bb global_colors_info=\u00bb{}\u00bb]<\/p>\n<ul>\n<li>Asesor\u00eda para manejo de cargas peligrosas (DGR)<\/li>\n<li>Manejo de l\u00ednea de productos petroleros, mineral, qu\u00edmicos, repuestos, alimentos y f\u00e1rmacos.<\/li>\n<\/ul>\n<p>[\/et_pb_blurb][\/et_pb_column][\/et_pb_row][\/et_pb_section][et_pb_section fb_built=\u00bb1&#8243; _builder_version=\u00bb4.16.1&#8243; _module_preset=\u00bbdefault\u00bb custom_padding=\u00bb50px|||||\u00bb global_colors_info=\u00bb{}\u00bb][et_pb_row _builder_version=\u00bb4.16.1&#8243; _module_preset=\u00bbdefault\u00bb custom_padding=\u00bb0px|||||\u00bb global_colors_info=\u00bb{}\u00bb][et_pb_column type=\u00bb4_4&#8243; _builder_version=\u00bb4.16.1&#8243; _module_preset=\u00bbdefault\u00bb global_colors_info=\u00bb{}\u00bb][et_pb_divider _builder_version=\u00bb4.16.1&#8243; _module_preset=\u00bbdefault\u00bb global_colors_info=\u00bb{}\u00bb][\/et_pb_divider][\/et_pb_column][\/et_pb_row][\/et_pb_section][et_pb_section fb_built=\u00bb1&#8243; admin_label=\u00bbFooter\u00bb _builder_version=\u00bb4.25.1&#8243; use_background_color_gradient=\u00bbon\u00bb background_color_gradient_type=\u00bbcircular\u00bb background_color_gradient_direction_radial=\u00bbleft\u00bb background_color_gradient_stops=\u00bb#151F44 10%|rgba(0,0,0,0.75) 60%\u00bb background_color_gradient_overlays_image=\u00bbon\u00bb background_color_gradient_start=\u00bbrgba(0,0,0,0)\u00bb background_color_gradient_start_position=\u00bb10%\u00bb background_color_gradient_end=\u00bbrgba(0,0,0,0.75)\u00bb background_color_gradient_end_position=\u00bb60%\u00bb background_image=\u00bbhttps:\/\/blueexpress.net\/wp-content\/uploads\/2024\/07\/3.jpg\u00bb custom_padding=\u00bb|||\u00bb global_module=\u00bb338&#8243; saved_tabs=\u00bball\u00bb global_colors_info=\u00bb{}\u00bb][et_pb_row _builder_version=\u00bb4.24.2&#8243; _module_preset=\u00bbdefault\u00bb global_colors_info=\u00bb{}\u00bb][et_pb_column type=\u00bb4_4&#8243; _builder_version=\u00bb4.24.2&#8243; _module_preset=\u00bbdefault\u00bb global_colors_info=\u00bb{}\u00bb][et_pb_text _builder_version=\u00bb4.25.1&#8243; _module_preset=\u00bbdefault\u00bb text_font=\u00bbPoppins||||||||\u00bb text_text_color=\u00bb#FFFFFF\u00bb text_font_size=\u00bb23px\u00bb background_color=\u00bbRGBA(255,255,255,0)\u00bb background_layout=\u00bbdark\u00bb global_colors_info=\u00bb{}\u00bb]<\/p>\n<h1><strong>CONT\u00c1CTANOS<\/strong><\/h1>\n<p>[\/et_pb_text][\/et_pb_column][\/et_pb_row][et_pb_row column_structure=\u00bb2_3,1_3&#8243; _builder_version=\u00bb4.16&#8243; custom_margin=\u00bb|auto|-112px|auto||\u00bb custom_padding=\u00bb||111px|||\u00bb global_colors_info=\u00bb{}\u00bb][et_pb_column type=\u00bb2_3&#8243; _builder_version=\u00bb4.16&#8243; custom_padding=\u00bb|||\u00bb global_colors_info=\u00bb{}\u00bb custom_padding__hover=\u00bb|||\u00bb][et_pb_blurb title=\u00bbOficina Quito\u00bb use_icon=\u00bbon\u00bb font_icon=\u00bb&#xe081;||divi||400&#8243; icon_color=\u00bb#4491C3&#8243; icon_placement=\u00bbleft\u00bb image_icon_width=\u00bb22px\u00bb _builder_version=\u00bb4.24.2&#8243; header_font=\u00bbLibre Franklin|600|||||||\u00bb header_line_height=\u00bb1.4em\u00bb body_font=\u00bb||||||||\u00bb body_line_height=\u00bb1.8em\u00bb background_layout=\u00bbdark\u00bb animation=\u00bboff\u00bb icon_font_size=\u00bb22px\u00bb locked=\u00bboff\u00bb global_colors_info=\u00bb{}\u00bb]<\/p>\n<p>Av. Rep\u00fablica del Salvador N34-493 y Av. Portugal, Torre Gibraltar, Piso 3.<\/p>\n<p>Tel: 593 2 4016103 ext. 133<\/p>\n<p>Cel: 0984169066 &#8211; 0963081944<\/p>\n<p>[\/et_pb_blurb][et_pb_blurb title=\u00bbOficina Guayaquil\u00bb use_icon=\u00bbon\u00bb font_icon=\u00bb&#xe081;||divi||400&#8243; icon_color=\u00bb#4491C3&#8243; icon_placement=\u00bbleft\u00bb image_icon_width=\u00bb22px\u00bb _builder_version=\u00bb4.24.2&#8243; header_font=\u00bbLibre Franklin|600|||||||\u00bb header_line_height=\u00bb1.4em\u00bb body_font=\u00bb||||||||\u00bb body_line_height=\u00bb1.8em\u00bb background_layout=\u00bbdark\u00bb animation=\u00bboff\u00bb icon_font_size=\u00bb22px\u00bb locked=\u00bboff\u00bb global_colors_info=\u00bb{}\u00bb]<\/p>\n<p>Edificio World Trade Center, Piso 12 Oficina 1203.<\/p>\n<p>Tel: 593 43755203<\/p>\n<p>Cel: 0984169066 &#8211; 0963081944<\/p>\n<p>[\/et_pb_blurb][et_pb_blurb icon_placement=\u00bbleft\u00bb image_icon_width=\u00bb22px\u00bb _builder_version=\u00bb4.25.1&#8243; header_font=\u00bbLibre Franklin|600|||||||\u00bb header_line_height=\u00bb1.4em\u00bb body_font=\u00bb||||||||\u00bb body_line_height=\u00bb1.8em\u00bb background_layout=\u00bbdark\u00bb animation=\u00bboff\u00bb icon_font_size=\u00bb22px\u00bb locked=\u00bboff\u00bb global_colors_info=\u00bb{}\u00bb][\/et_pb_blurb][\/et_pb_column][et_pb_column type=\u00bb1_3&#8243; _builder_version=\u00bb4.16&#8243; custom_padding=\u00bb|||\u00bb global_colors_info=\u00bb{}\u00bb custom_padding__hover=\u00bb|||\u00bb][et_pb_blurb title=\u00bbOficina Cuenca\u00bb use_icon=\u00bbon\u00bb font_icon=\u00bb&#xe081;||divi||400&#8243; icon_color=\u00bb#4491C3&#8243; icon_placement=\u00bbleft\u00bb image_icon_width=\u00bb22px\u00bb _builder_version=\u00bb4.24.2&#8243; header_font=\u00bbLibre Franklin|600|||||||\u00bb header_line_height=\u00bb1.4em\u00bb body_font=\u00bb||||||||\u00bb body_line_height=\u00bb1.8em\u00bb background_layout=\u00bbdark\u00bb custom_padding=\u00bb||2px|||\u00bb animation=\u00bboff\u00bb link_option_url=\u00bbhttps:\/\/wa.me\/593984169066&#8243; icon_font_size=\u00bb22px\u00bb locked=\u00bboff\u00bb global_colors_info=\u00bb{}\u00bb]<\/p>\n<p>Ordo\u00f1ez Laso 564 y Los Cedros Edificio Los Cedros<\/p>\n<p>Tel: 593-2 4016103\u00a0<\/p>\n<p>Cel: 0984169066 &#8211; 0963081944\u00a0<\/p>\n<p>[\/et_pb_blurb][et_pb_blurb title=\u00bbEmail\u00bb use_icon=\u00bbon\u00bb font_icon=\u00bb&#xe076;||divi||400&#8243; icon_color=\u00bb#4491C3&#8243; icon_placement=\u00bbleft\u00bb image_icon_width=\u00bb22px\u00bb _builder_version=\u00bb4.25.1&#8243; header_font=\u00bbLibre Franklin|600|||||||\u00bb header_line_height=\u00bb1.4em\u00bb body_font=\u00bb||||||||\u00bb body_line_height=\u00bb1.8em\u00bb background_layout=\u00bbdark\u00bb animation=\u00bboff\u00bb icon_font_size=\u00bb22px\u00bb locked=\u00bboff\u00bb global_colors_info=\u00bb{}\u00bb]<\/p>\n<p><a href=\"mailto:schryvercourier@blueexpress.net\">schryvercourier@blueexpress.net<\/a><\/p>\n<p><a href=\"mailto:operaciones@blueexpress.net\">operaciones@blueexpress.net<\/a><\/p>\n<p>[\/et_pb_blurb][et_pb_blurb title=\u00bbRedes Sociales\u00bb use_icon=\u00bbon\u00bb font_icon=\u00bb&#xe0a0;||divi||400&#8243; icon_color=\u00bb#4491C3&#8243; icon_placement=\u00bbleft\u00bb image_icon_width=\u00bb22px\u00bb _builder_version=\u00bb4.25.1&#8243; header_font=\u00bbLibre Franklin|600|||||||\u00bb header_line_height=\u00bb1.4em\u00bb body_font=\u00bb||||||||\u00bb body_line_height=\u00bb1.8em\u00bb background_layout=\u00bbdark\u00bb animation=\u00bboff\u00bb icon_font_size=\u00bb22px\u00bb locked=\u00bboff\u00bb global_colors_info=\u00bb{}\u00bb]<\/p>\n<p><a href=\"https:\/\/www.linkedin.com\/in\/schryver-courier-75a3ba2b8\/\" target=\"_blank\" rel=\"noopener\"><img loading=\"lazy\" decoding=\"async\" class=\"alignnone wp-image-1014 \" src=\"https:\/\/blueexpress.net\/wp-content\/uploads\/2024\/07\/pngwing.com-1-1-300x300.png\" alt=\"\" width=\"51\" height=\"51\" \/><\/a>\u00a0 \u00a0 <a href=\"https:\/\/www.facebook.com\/profile.php?id=61557794069794\" target=\"_blank\" rel=\"noopener\"><img loading=\"lazy\" decoding=\"async\" class=\"alignnone wp-image-1015 \" src=\"https:\/\/blueexpress.net\/wp-content\/uploads\/2024\/07\/pngwing.com_-2-300x300.png\" alt=\"\" width=\"46\" height=\"46\" \/><\/a>\u00a0 \u00a0 \u00a0<a href=\"https:\/\/www.tiktok.com\/@schryver.courier?is_from_webapp=1&amp;sender_device=pc\" target=\"_blank\" rel=\"noopener\"><img loading=\"lazy\" decoding=\"async\" class=\"alignnone wp-image-1016 \" src=\"https:\/\/blueexpress.net\/wp-content\/uploads\/2024\/07\/pngwing.com-4-1-300x300.png\" alt=\"\" width=\"42\" height=\"42\" \/><\/a> <a href=\"https:\/\/www.instagram.com\/schryvercourier\/\" target=\"_blank\" rel=\"noopener\"><img loading=\"lazy\" decoding=\"async\" class=\"alignnone wp-image-1012 \" src=\"https:\/\/blueexpress.net\/wp-content\/uploads\/2024\/07\/pngwing.com-3-1-300x200.png\" alt=\"\" width=\"70\" height=\"46\" \/><\/a><\/p>\n<p>[\/et_pb_blurb][et_pb_blurb icon_placement=\u00bbleft\u00bb image_icon_width=\u00bb22px\u00bb _builder_version=\u00bb4.25.1&#8243; header_font=\u00bbLibre Franklin|600|||||||\u00bb header_line_height=\u00bb1.4em\u00bb body_font=\u00bb||||||||\u00bb body_line_height=\u00bb1.8em\u00bb background_layout=\u00bbdark\u00bb animation=\u00bboff\u00bb icon_font_size=\u00bb22px\u00bb locked=\u00bboff\u00bb global_colors_info=\u00bb{}\u00bb]<\/p>\n<p><img loading=\"lazy\" decoding=\"async\" class=\"wp-image-1237 alignnone size-medium\" src=\"https:\/\/blueexpress.net\/wp-content\/uploads\/2024\/09\/BLUE-BLANCO-SIN-FONDO-300x108.png\" alt=\"\" width=\"300\" height=\"108\" \/><\/p>\n<p>[\/et_pb_blurb][et_pb_blurb icon_placement=\u00bbleft\u00bb image_icon_width=\u00bb22px\u00bb _builder_version=\u00bb4.25.1&#8243; header_font=\u00bbLibre Franklin|600|||||||\u00bb header_line_height=\u00bb1.4em\u00bb body_font=\u00bb||||||||\u00bb body_line_height=\u00bb1.8em\u00bb background_layout=\u00bbdark\u00bb animation=\u00bboff\u00bb icon_font_size=\u00bb22px\u00bb locked=\u00bboff\u00bb global_colors_info=\u00bb{}\u00bb][\/et_pb_blurb][\/et_pb_column][\/et_pb_row][et_pb_row column_structure=\u00bb1_2,1_2&#8243; _builder_version=\u00bb4.25.1&#8243; _module_preset=\u00bbdefault\u00bb link_option_url=\u00bbhttps:\/\/blueexpress.net\/index.php\/politica-de-privacidad\/\u00bb global_colors_info=\u00bb{}\u00bb][et_pb_column type=\u00bb1_2&#8243; _builder_version=\u00bb4.25.1&#8243; _module_preset=\u00bbdefault\u00bb global_colors_info=\u00bb{}\u00bb][et_pb_button button_url=\u00bbhttps:\/\/blueexpress.net\/index.php\/politica-de-privacidad\/\u00bb button_text=\u00bbPol\u00edtica de Privacidad\u00bb _builder_version=\u00bb4.25.1&#8243; _module_preset=\u00bbdefault\u00bb global_colors_info=\u00bb{}\u00bb][\/et_pb_button][\/et_pb_column][et_pb_column type=\u00bb1_2&#8243; _builder_version=\u00bb4.25.1&#8243; _module_preset=\u00bbdefault\u00bb global_colors_info=\u00bb{}\u00bb][\/et_pb_column][\/et_pb_row][\/et_pb_section]<\/p>\n","protected":false},"excerpt":{"rendered":"<p>ServiciosSERVICIOS SERVICIOSCreamos procesos para recibir y entregar los paquetes mediante un servicio puerta a puerta.Le asesoramos en el proceso de revisi\u00f3n e identificaci\u00f3n de sus partidas arancelarias previo a cada embarque y durante el proceso de nacionalizaci\u00f3n.Tenemos alcance internacional con personal especializado. Te ayudamos a realizar tus compras personalizadas. Contamos con casilleros generales y personalizados, [&hellip;]<\/p>\n","protected":false},"author":1,"featured_media":0,"parent":0,"menu_order":0,"comment_status":"closed","ping_status":"closed","template":"","meta":{"_et_pb_use_builder":"on","_et_pb_old_content":"","_et_gb_content_width":"","footnotes":""},"class_list":["post-153","page","type-page","status-publish","hentry"],"_links":{"self":[{"href":"https:\/\/blueexpress.net\/index.php\/wp-json\/wp\/v2\/pages\/153","targetHints":{"allow":["GET"]}}],"collection":[{"href":"https:\/\/blueexpress.net\/index.php\/wp-json\/wp\/v2\/pages"}],"about":[{"href":"https:\/\/blueexpress.net\/index.php\/wp-json\/wp\/v2\/types\/page"}],"author":[{"embeddable":true,"href":"https:\/\/blueexpress.net\/index.php\/wp-json\/wp\/v2\/users\/1"}],"replies":[{"embeddable":true,"href":"https:\/\/blueexpress.net\/index.php\/wp-json\/wp\/v2\/comments?post=153"}],"version-history":[{"count":21,"href":"https:\/\/blueexpress.net\/index.php\/wp-json\/wp\/v2\/pages\/153\/revisions"}],"predecessor-version":[{"id":1252,"href":"https:\/\/blueexpress.net\/index.php\/wp-json\/wp\/v2\/pages\/153\/revisions\/1252"}],"wp:attachment":[{"href":"https:\/\/blueexpress.net\/index.php\/wp-json\/wp\/v2\/media?parent=153"}],"curies":[{"name":"wp","href":"https:\/\/api.w.org\/{rel}","templated":true}]}}